{"id":243,"date":"2023-08-28T10:35:02","date_gmt":"2023-08-28T10:35:02","guid":{"rendered":"https:\/\/villagreentree.hu\/?page_id=243"},"modified":"2023-09-22T10:48:10","modified_gmt":"2023-09-22T10:48:10","slug":"info","status":"publish","type":"page","link":"https:\/\/villagreentree.hu\/de\/info\/","title":{"rendered":"Buchungs- und Stornierungsbedingungen"},"content":{"rendered":"<section class=\"section has-parallax\" id=\"section_1032633079\">\n\t\t<div class=\"bg section-bg fill bg-fill\" data-parallax-container=\".section\" data-parallax-background data-parallax=\"-4\">\n\n\t\t\t\n\t\t\t<div class=\"section-bg-overlay absolute fill\"><\/div>\n\t\t\t\n\n\t\t<\/div>\n\n\t\t\n\n\t\t<div class=\"section-content relative\">\n\t\t\t\n\n<div class=\"row\"  id=\"row-1345005673\">\n\n\n\t<div id=\"col-386346646\" class=\"col small-12 large-12\"  >\n\t\t\t\t<div class=\"col-inner text-center\"  >\n\t\t\t\n\t\t\t\n\n\t<div id=\"gap-2035201344\" class=\"gap-element clearfix\" style=\"display:block; height:auto;\">\n\t\t\n<style>\n#gap-2035201344 {\n  padding-top: 40px;\n}\n<\/style>\n\t<\/div>\n\t\n\n\t<div id=\"text-2595434414\" class=\"text\">\n\t\t\n\n<h1>Buchungs- und Stornierungsbedingungen<\/h1>\n\t\t\n<style>\n#text-2595434414 {\n  font-size: 2.1rem;\n}\n<\/style>\n\t<\/div>\n\t\n\n\t\t<\/div>\n\t\t\t\t\t<\/div>\n\n\t\n\n<\/div>\n\n\t\t<\/div>\n\n\t\t\n<style>\n#section_1032633079 {\n  padding-top: 30px;\n  padding-bottom: 30px;\n  background-color: rgb(243, 243, 243);\n}\n#section_1032633079 .section-bg-overlay {\n  background-color: rgba(239, 239, 239, 0.924);\n}\n#section_1032633079 .section-bg.bg-loaded {\n  background-image: url(https:\/\/villagreentree.hu\/wp-content\/uploads\/2023\/08\/slider2.png);\n}\n<\/style>\n\t<\/section>\n\t\n<div class=\"row row-large\"  id=\"row-1274295517\">\n\n\n\t<div id=\"col-1413350838\" class=\"col small-12 large-12\"  >\n\t\t\t\t<div class=\"col-inner\"  >\n\t\t\t\n\t\t\t\n\n<h3 style=\"font-weight: 400;\"><strong>Reservierung<\/strong><\/h3>\n<p style=\"font-weight: 400;\">Um ein Angebot\/eine Reservierung anzufordern, f\u00fcllen Sie bitte das Formular aus oder senden Sie eine E-Mail an die\u00a0<a href=\"mailto:hello@villagreentree.hu\">hello@villagreentree.hu<\/a> E-Mail-Adresse. Im Falle einer erfolgreichen Buchung senden wir Ihnen eine Best\u00e4tigungs-E-Mail.<\/p>\n<h3 style=\"font-weight: 400;\"><strong>An- und Abreise<\/strong><\/h3>\n<p style=\"font-weight: 400;\">Anreise: ab 15.00 Uhr, Abreise: bis 11.00 Uhr.<\/p>\n<h3 style=\"font-weight: 400;\"><strong>Zahlungsbedingungen:<\/strong><\/h3>\n<p style=\"font-weight: 400;\">30% Anzahlung bei Buchung, mit Vorausrechnung, Bank\u00fcberweisung. Sie haben 72 Stunden Zeit, um die Anzahlung zu \u00fcberweisen. Bei der Ankunft m\u00fcssen die restlichen 70% per \u00dcberweisung auf die Endrechnung \u00fcberwiesen werden.<\/p>\n<h3 style=\"font-weight: 400;\"><strong>Stornierungsbedingungen:<\/strong><\/h3>\n<p style=\"font-weight: 400;\">Reservierungen k\u00f6nnen bis 15 Tage vor Anreise kostenfrei storniert werden. Von 1 bis 14 Tage vor Anreise werden 30% der Stornogeb\u00fchr in Rechnung gestellt. F\u00fcr Reservierungen, die bei oder nach der Ankunft storniert werden, werden 100% der Stornogeb\u00fchr berechnet.<\/p>\n<p style=\"font-weight: 400;\">\u00a0<\/p>\n\n\t\t<\/div>\n\t\t\t\t\t<\/div>\n\n\t\n\n<\/div>","protected":false},"excerpt":{"rendered":"","protected":false},"author":1,"featured_media":0,"parent":0,"menu_order":0,"comment_status":"closed","ping_status":"closed","template":"page-blank.php","meta":{"footnotes":""},"class_list":["post-243","page","type-page","status-publish","hentry"],"yoast_head":"<!-- This site is optimized with the Yoast SEO plugin v27.6 - https:\/\/yoast.com\/product\/yoast-seo-wordpress\/ -->\n<title>Foglal\u00e1si \u00e9s lemond\u00e1si szab\u00e1lyok - Villa Green Tree<\/title>\n<meta name=\"robots\" content=\"index, follow, max-snippet:-1, max-image-preview:large, max-video-preview:-1\" \/>\n<link rel=\"canonical\" href=\"https:\/\/villagreentree.hu\/de\/info\/\" \/>\n<meta property=\"og:locale\" content=\"de_DE\" \/>\n<meta property=\"og:type\" content=\"article\" \/>\n<meta property=\"og:title\" content=\"Foglal\u00e1si \u00e9s lemond\u00e1si szab\u00e1lyok - Villa Green Tree\" \/>\n<meta property=\"og:url\" content=\"https:\/\/villagreentree.hu\/de\/info\/\" \/>\n<meta property=\"og:site_name\" content=\"Villa Green Tree\" \/>\n<meta property=\"article:publisher\" content=\"https:\/\/www.facebook.com\/greentreevendeghaz\/\" \/>\n<meta property=\"article:modified_time\" content=\"2023-09-22T10:48:10+00:00\" \/>\n<meta name=\"twitter:card\" content=\"summary_large_image\" \/>\n<meta name=\"twitter:label1\" content=\"Gesch\u00e4tzte Lesezeit\" \/>\n\t<meta name=\"twitter:data1\" content=\"4\u00a0Minuten\" \/>\n<script type=\"application\/ld+json\" class=\"yoast-schema-graph\">{\"@context\":\"https:\\\/\\\/schema.org\",\"@graph\":[{\"@type\":\"WebPage\",\"@id\":\"https:\\\/\\\/villagreentree.hu\\\/info\\\/\",\"url\":\"https:\\\/\\\/villagreentree.hu\\\/info\\\/\",\"name\":\"Foglal\u00e1si \u00e9s lemond\u00e1si szab\u00e1lyok - Villa Green Tree\",\"isPartOf\":{\"@id\":\"https:\\\/\\\/villagreentree.hu\\\/#website\"},\"datePublished\":\"2023-08-28T10:35:02+00:00\",\"dateModified\":\"2023-09-22T10:48:10+00:00\",\"breadcrumb\":{\"@id\":\"https:\\\/\\\/villagreentree.hu\\\/info\\\/#breadcrumb\"},\"inLanguage\":\"de\",\"potentialAction\":[{\"@type\":\"ReadAction\",\"target\":[\"https:\\\/\\\/villagreentree.hu\\\/info\\\/\"]}]},{\"@type\":\"BreadcrumbList\",\"@id\":\"https:\\\/\\\/villagreentree.hu\\\/info\\\/#breadcrumb\",\"itemListElement\":[{\"@type\":\"ListItem\",\"position\":1,\"name\":\"Kezd\u0151lap\",\"item\":\"https:\\\/\\\/villagreentree.hu\\\/\"},{\"@type\":\"ListItem\",\"position\":2,\"name\":\"Foglal\u00e1si \u00e9s lemond\u00e1si szab\u00e1lyok\"}]},{\"@type\":\"WebSite\",\"@id\":\"https:\\\/\\\/villagreentree.hu\\\/#website\",\"url\":\"https:\\\/\\\/villagreentree.hu\\\/\",\"name\":\"VillaGreenTree.hu\",\"description\":\"Exkl\u00faz\u00edv pihen\u00e9s a Dunakanyar kapuj\u00e1ban\",\"potentialAction\":[{\"@type\":\"SearchAction\",\"target\":{\"@type\":\"EntryPoint\",\"urlTemplate\":\"https:\\\/\\\/villagreentree.hu\\\/?s={search_term_string}\"},\"query-input\":{\"@type\":\"PropertyValueSpecification\",\"valueRequired\":true,\"valueName\":\"search_term_string\"}}],\"inLanguage\":\"de\"}]}<\/script>\n<!-- \/ Yoast SEO plugin. -->","yoast_head_json":{"title":"Foglal\u00e1si \u00e9s lemond\u00e1si szab\u00e1lyok - Villa Green Tree","robots":{"index":"index","follow":"follow","max-snippet":"max-snippet:-1","max-image-preview":"max-image-preview:large","max-video-preview":"max-video-preview:-1"},"canonical":"https:\/\/villagreentree.hu\/de\/info\/","og_locale":"de_DE","og_type":"article","og_title":"Foglal\u00e1si \u00e9s lemond\u00e1si szab\u00e1lyok - Villa Green Tree","og_url":"https:\/\/villagreentree.hu\/de\/info\/","og_site_name":"Villa Green Tree","article_publisher":"https:\/\/www.facebook.com\/greentreevendeghaz\/","article_modified_time":"2023-09-22T10:48:10+00:00","twitter_card":"summary_large_image","twitter_misc":{"Gesch\u00e4tzte Lesezeit":"4\u00a0Minuten"},"schema":{"@context":"https:\/\/schema.org","@graph":[{"@type":"WebPage","@id":"https:\/\/villagreentree.hu\/info\/","url":"https:\/\/villagreentree.hu\/info\/","name":"Foglal\u00e1si \u00e9s lemond\u00e1si szab\u00e1lyok - Villa Green Tree","isPartOf":{"@id":"https:\/\/villagreentree.hu\/#website"},"datePublished":"2023-08-28T10:35:02+00:00","dateModified":"2023-09-22T10:48:10+00:00","breadcrumb":{"@id":"https:\/\/villagreentree.hu\/info\/#breadcrumb"},"inLanguage":"de","potentialAction":[{"@type":"ReadAction","target":["https:\/\/villagreentree.hu\/info\/"]}]},{"@type":"BreadcrumbList","@id":"https:\/\/villagreentree.hu\/info\/#breadcrumb","itemListElement":[{"@type":"ListItem","position":1,"name":"Kezd\u0151lap","item":"https:\/\/villagreentree.hu\/"},{"@type":"ListItem","position":2,"name":"Foglal\u00e1si \u00e9s lemond\u00e1si szab\u00e1lyok"}]},{"@type":"WebSite","@id":"https:\/\/villagreentree.hu\/#website","url":"https:\/\/villagreentree.hu\/","name":"VillaGreenTree.hu","description":"Exkl\u00faz\u00edv pihen\u00e9s a Dunakanyar kapuj\u00e1ban","potentialAction":[{"@type":"SearchAction","target":{"@type":"EntryPoint","urlTemplate":"https:\/\/villagreentree.hu\/?s={search_term_string}"},"query-input":{"@type":"PropertyValueSpecification","valueRequired":true,"valueName":"search_term_string"}}],"inLanguage":"de"}]}},"_links":{"self":[{"href":"https:\/\/villagreentree.hu\/de\/wp-json\/wp\/v2\/pages\/243","targetHints":{"allow":["GET"]}}],"collection":[{"href":"https:\/\/villagreentree.hu\/de\/wp-json\/wp\/v2\/pages"}],"about":[{"href":"https:\/\/villagreentree.hu\/de\/wp-json\/wp\/v2\/types\/page"}],"author":[{"embeddable":true,"href":"https:\/\/villagreentree.hu\/de\/wp-json\/wp\/v2\/users\/1"}],"replies":[{"embeddable":true,"href":"https:\/\/villagreentree.hu\/de\/wp-json\/wp\/v2\/comments?post=243"}],"version-history":[{"count":3,"href":"https:\/\/villagreentree.hu\/de\/wp-json\/wp\/v2\/pages\/243\/revisions"}],"predecessor-version":[{"id":313,"href":"https:\/\/villagreentree.hu\/de\/wp-json\/wp\/v2\/pages\/243\/revisions\/313"}],"wp:attachment":[{"href":"https:\/\/villagreentree.hu\/de\/wp-json\/wp\/v2\/media?parent=243"}],"curies":[{"name":"wp","href":"https:\/\/api.w.org\/{rel}","templated":true}]}}