{"id":139,"date":"2023-08-18T12:17:21","date_gmt":"2023-08-18T12:17:21","guid":{"rendered":"https:\/\/villagreentree.hu\/?page_id=139"},"modified":"2023-08-28T10:17:37","modified_gmt":"2023-08-28T10:17:37","slug":"hazirend","status":"publish","type":"page","link":"https:\/\/villagreentree.hu\/de\/hazirend\/","title":{"rendered":"HAUSORDNUNG"},"content":{"rendered":"<section class=\"section has-parallax\" id=\"section_713402854\">\n\t\t<div class=\"bg section-bg fill bg-fill\" data-parallax-container=\".section\" data-parallax-background data-parallax=\"-4\">\n\n\t\t\t\n\t\t\t<div class=\"section-bg-overlay absolute fill\"><\/div>\n\t\t\t\n\n\t\t<\/div>\n\n\t\t\n\n\t\t<div class=\"section-content relative\">\n\t\t\t\n\n<div class=\"row\"  id=\"row-1207147136\">\n\n\n\t<div id=\"col-943249636\" class=\"col small-12 large-12\"  >\n\t\t\t\t<div class=\"col-inner text-center\"  >\n\t\t\t\n\t\t\t\n\n\t<div id=\"gap-593538366\" class=\"gap-element clearfix\" style=\"display:block; height:auto;\">\n\t\t\n<style>\n#gap-593538366 {\n  padding-top: 40px;\n}\n<\/style>\n\t<\/div>\n\t\n\n\t<div id=\"text-3977856774\" class=\"text\">\n\t\t\n\n<h1>HAUSORDNUNG<\/h1>\n\n\t\t\n<style>\n#text-3977856774 {\n  font-size: 2.1rem;\n}\n<\/style>\n\t<\/div>\n\t\n\n\t\t<\/div>\n\t\t\t\t\t<\/div>\n\n\t\n\n<\/div>\n\n\t\t<\/div>\n\n\t\t\n<style>\n#section_713402854 {\n  padding-top: 30px;\n  padding-bottom: 30px;\n  background-color: rgb(243, 243, 243);\n}\n#section_713402854 .section-bg-overlay {\n  background-color: rgba(239, 239, 239, 0.924);\n}\n#section_713402854 .section-bg.bg-loaded {\n  background-image: url(https:\/\/villagreentree.hu\/wp-content\/uploads\/2023\/08\/slider2.png);\n}\n<\/style>\n\t<\/section>\n\t\n<div class=\"row row-large\"  id=\"row-1274755696\">\n\n\n\t<div id=\"col-1318836237\" class=\"col small-12 large-12\"  >\n\t\t\t\t<div class=\"col-inner\"  >\n\t\t\t\n\t\t\t\n\n<p style=\"font-weight: 400;\">F\u00fcr Sch\u00e4den, die durch unsachgem\u00e4\u00dfe Nutzung des G\u00e4stehauses und seiner Ausstattung oder durch die Verletzung der Hausordnung entstehen, haftet finanziell ausschlie\u00dflich der Gast. Sch\u00e4den werden voll, zum aktuellen Marktpreis berechnet.<\/p>\n<p style=\"font-weight: 400;\">Jeder Diebstahl f\u00fchrt zu einer sofortigen Anzeige bei der Polizei, unabh\u00e4ngig vom Wert!<\/p>\n<p style=\"font-weight: 400;\">Wir \u00fcbernehmen keine Verantwortung f\u00fcr das Eigentum der G\u00e4ste!<\/p>\n<p style=\"font-weight: 400;\">Am Anreisetag beziehen die G\u00e4ste das G\u00e4stehaus ab 15:00 Uhr und verlassen es bis 11:00 Uhr am Tag des Check-outs. (Abweichende Termine sind nach Absprache m\u00f6glich.)<\/p>\n<p style=\"font-weight: 400;\">Von 22 bis 7 Uhr herrscht Ruhezeit, bitte nehmen Sie in dieser Zeit R\u00fccksicht auf Ihre Nachbarn und vermeiden Sie laute Musik und Lautst\u00e4rke.<\/p>\n<p style=\"font-weight: 400;\">Es d\u00fcrfen keine Fremden in das G\u00e4stehaus gelassen werden. Die Anzahl der Personen, die im Haus \u00fcbernachten, darf die in der Vereinbarung festgelegte Anzahl von Personen nicht \u00fcberschreiten.<\/p>\n<p style=\"font-weight: 400;\">Das Rauchen und die Verwendung von R\u00e4ucherst\u00e4bchen in Geb\u00e4uden ist strengstens verboten!<\/p>\n<p style=\"font-weight: 400;\">Im Au\u00dfenbereich darf geraucht werden, bitte benutzen Sie den Aschenbecher!<\/p>\n<p style=\"font-weight: 400;\">Feuer k\u00f6nnen an der ausgewiesenen Feuerstelle unter Einhaltung der aktuellen Brandschutzregeln gemacht werden! (Ein L\u00f6schmittel neben ein Feuer stellen, brennbare Substanzen aus dem Feuer entfernen.) Bevor Sie die Feuerstelle verlassen, vergewissern Sie sich bitte, dass das Feuer tats\u00e4chlich gel\u00f6scht wurde. Es ist strengstens verboten, andere Materialien als Brennholz und Papier zu verbrennen, die den G\u00e4sten zur Verf\u00fcgung stehen!<\/p>\n<p style=\"font-weight: 400;\">Im G\u00e4stehaus steht WLAN kostenlos zur Verf\u00fcgung. Das Passwort f\u00fcr die WLAN-Verbindung erh\u00e4lt der Gast bei Ankunft.<\/p>\n<p style=\"font-weight: 400;\">Das G\u00e4stehaus \u00fcbernimmt keine Garantie f\u00fcr den kontinuierlichen, ununterbrochenen Betrieb und die Verf\u00fcgbarkeit von WLAN.<\/p>\n<p style=\"font-weight: 400;\">Das G\u00e4stehaus haftet nicht f\u00fcr direkte oder indirekte Sch\u00e4den am Ger\u00e4t des Gastes oder dessen Inhalten, die w\u00e4hrend oder infolge der Nutzung des WLANs entstehen. Der Gast nutzt die Dienstleistung auf eigene Gefahr und Verantwortung.<\/p>\n<p style=\"font-weight: 400;\">Bei der Abreise und \u00fcber Nacht m\u00fcssen Sie die Tore und Eing\u00e4nge zum Geb\u00e4ude mit einem Schl\u00fcssel abschlie\u00dfen!<\/p>\n<p style=\"font-weight: 400;\">Bitte nutzen Sie die Einrichtung wie vorgesehen! Dekorationsgegenst\u00e4nde sollten nicht von ihrem Platz entfernt werden. Bitte nehmen Sie keine Einrichtungsgegenst\u00e4nde und Utensilien (Stuhl, Bett, Bettw\u00e4sche, Matratze, Fernseher etc.) mit in den Garten.<\/p>\n<p style=\"font-weight: 400;\">Bitte verwenden Sie Gartenutensilien und Kinderspielzeugen wie vorgesehen. Die Benutzung erfolgt auf eigene Gefahr!<\/p>\n<p style=\"font-weight: 400;\">Die G\u00e4ste halten das G\u00e4stehaus sauber und m\u00fcssen sich w\u00e4hrend ihres Aufenthalts selbst um die Sauberkeit k\u00fcmmern.<\/p>\n<p style=\"font-weight: 400;\">Bei der Abreise muss das Haus in dem Zustand \u00fcbergeben werden, in dem es bei der Ankunft \u00fcbernommen wurde. Dies beinhaltet keine Reinigung, aber bitte versuchen Sie, Ordnung zu hinterlassen!<\/p>\n<p style=\"font-weight: 400;\">Das Sammeln von Hausm\u00fcll ist im M\u00fclleimer in der K\u00fcche m\u00f6glich. Sollten diese w\u00e4hrend Ihres Aufenthaltes voll sein, entleeren Sie diese bitte in den gro\u00dfen M\u00fclleimer im Garten und verwenden Sie immer einen M\u00fcllsack, sch\u00fctten Sie den M\u00fcll nicht in den gro\u00dfen M\u00fclleimer drau\u00dfen! Ein weiterer M\u00fcllsack befindet sich in der K\u00fcche.<\/p>\n<p style=\"font-weight: 400;\">Werfen Sie nichts Anderes ((Feuchtt\u00fccher, Binden, Tampons) als Toilettenpapier in die Toilette. Es f\u00fchrt zu einer sofortigen Verstopfung, deren Kosten ausschlie\u00dflich vom Gast getragen werden. (50 000 ft ca. 130 \u20ac)<\/p>\n<p style=\"font-weight: 400;\">Die Nutzung des Pools und die Verwendung des Wasserspielzeuges erfolgen auf eigene Gefahr!<\/p>\n<p style=\"font-weight: 400;\">Die Pflege des Pools wird ausschlie\u00dflich vom Gastgeber durchgef\u00fchrt! Es ist strengstens verboten, in den zum Pool geh\u00f6renden Schacht hinabzusteigen, es ist verboten, mechanische Ger\u00e4te zu ber\u00fchren! Daraus resultierende Sch\u00e4den gehen zu Lasten des Gastes!<\/p>\n<p style=\"font-weight: 400;\">Das G\u00e4stehaus verf\u00fcgt \u00fcber eine gut ausgestattete K\u00fcche, bitte verwenden Sie die Utensilien und Ger\u00e4te wie vorgesehen. Stellen Sie keine metallhaltigen Gegenst\u00e4nde in die Mikrowelle.<\/p>\n<p style=\"font-weight: 400;\">Der Garten wird vom Gastgeber gepflegt, bitte achten Sie auf die Unversehrtheit der Pflanzen, seien es Blumen, Str\u00e4ucher oder B\u00e4ume.<\/p>\n<p style=\"font-weight: 400;\">Bitte beachten Sie, dass der Eigent\u00fcmer nicht f\u00fcr Sch\u00e4den verantwortlich gemacht oder entsch\u00e4digt werden kann, die sich aus Ereignissen ergeben, die au\u00dferhalb seiner Kontrolle liegen (z. B. Naturkatastrophen, Hagel, Feuer, Stromausf\u00e4lle usw.).<\/p>\n<p style=\"font-weight: 400;\">Der Eigent\u00fcmer haftet nicht f\u00fcr m\u00f6gliche Unf\u00e4lle, Personen- oder Sachsch\u00e4den an G\u00e4sten.<\/p>\n<p style=\"font-weight: 400;\">Der Eigent\u00fcmer beh\u00e4lt sich das Recht vor, G\u00e4ste, die sich skandal\u00f6s verhalten oder sich nicht an die Hausordnung halten, nicht aufzunehmen oder sie sofort aus dem G\u00e4stehaus zu verweisen.<\/p>\n<p style=\"font-weight: 400;\">Bei vorzeitiger Abreise wird die \u00dcbernachtungsgeb\u00fchr nicht zur\u00fcckerstattet!<\/p>\n<p style=\"font-weight: 400;\">Wie in jedem Haushalt kann auch im G\u00e4stehaus ohne Verschulden der G\u00e4ste etwas kaputtgehen oder ausfallen. Wenn Sie Auff\u00e4lligkeiten bemerken, melden Sie diese bitte sofort der Unterkunft, um m\u00f6gliche schwerwiegende Sch\u00e4den zu vermeiden.<\/p>\n<p style=\"font-weight: 400;\">Durch das Ausf\u00fcllen und Unterzeichnen dieser Hausordnung akzeptiert und versteht der Gast das Vorstehende und erkennt an, dass die oben angegebenen personenbezogenen Daten wahr sind.<\/p>\n<p style=\"font-weight: 400;\">Der Gast haftet auch f\u00fcr Sch\u00e4den, die durch andere Personen verursacht werden, die sich im G\u00e4stehaus aufhalten.<\/p>\n\n\t\t<\/div>\n\t\t\t\t\t<\/div>\n\n\t\n\n<\/div>","protected":false},"excerpt":{"rendered":"","protected":false},"author":1,"featured_media":0,"parent":0,"menu_order":0,"comment_status":"closed","ping_status":"closed","template":"page-blank.php","meta":{"footnotes":""},"class_list":["post-139","page","type-page","status-publish","hentry"],"yoast_head":"<!-- This site is optimized with the Yoast SEO plugin v27.6 - https:\/\/yoast.com\/product\/yoast-seo-wordpress\/ -->\n<title>H\u00e1zirend - Villa Green Tree<\/title>\n<meta name=\"robots\" content=\"index, follow, max-snippet:-1, max-image-preview:large, max-video-preview:-1\" \/>\n<link rel=\"canonical\" href=\"https:\/\/villagreentree.hu\/de\/hazirend\/\" \/>\n<meta property=\"og:locale\" content=\"de_DE\" \/>\n<meta property=\"og:type\" content=\"article\" \/>\n<meta property=\"og:title\" content=\"H\u00e1zirend - Villa Green Tree\" \/>\n<meta property=\"og:url\" content=\"https:\/\/villagreentree.hu\/de\/hazirend\/\" \/>\n<meta property=\"og:site_name\" content=\"Villa Green Tree\" \/>\n<meta property=\"article:publisher\" content=\"https:\/\/www.facebook.com\/greentreevendeghaz\/\" \/>\n<meta property=\"article:modified_time\" content=\"2023-08-28T10:17:37+00:00\" \/>\n<meta name=\"twitter:card\" content=\"summary_large_image\" \/>\n<meta name=\"twitter:label1\" content=\"Gesch\u00e4tzte Lesezeit\" \/>\n\t<meta name=\"twitter:data1\" content=\"6\u00a0Minuten\" \/>\n<script type=\"application\/ld+json\" class=\"yoast-schema-graph\">{\"@context\":\"https:\\\/\\\/schema.org\",\"@graph\":[{\"@type\":\"WebPage\",\"@id\":\"https:\\\/\\\/villagreentree.hu\\\/hazirend\\\/\",\"url\":\"https:\\\/\\\/villagreentree.hu\\\/hazirend\\\/\",\"name\":\"H\u00e1zirend - Villa Green Tree\",\"isPartOf\":{\"@id\":\"https:\\\/\\\/villagreentree.hu\\\/#website\"},\"datePublished\":\"2023-08-18T12:17:21+00:00\",\"dateModified\":\"2023-08-28T10:17:37+00:00\",\"breadcrumb\":{\"@id\":\"https:\\\/\\\/villagreentree.hu\\\/hazirend\\\/#breadcrumb\"},\"inLanguage\":\"de\",\"potentialAction\":[{\"@type\":\"ReadAction\",\"target\":[\"https:\\\/\\\/villagreentree.hu\\\/hazirend\\\/\"]}]},{\"@type\":\"BreadcrumbList\",\"@id\":\"https:\\\/\\\/villagreentree.hu\\\/hazirend\\\/#breadcrumb\",\"itemListElement\":[{\"@type\":\"ListItem\",\"position\":1,\"name\":\"Kezd\u0151lap\",\"item\":\"https:\\\/\\\/villagreentree.hu\\\/\"},{\"@type\":\"ListItem\",\"position\":2,\"name\":\"H\u00e1zirend\"}]},{\"@type\":\"WebSite\",\"@id\":\"https:\\\/\\\/villagreentree.hu\\\/#website\",\"url\":\"https:\\\/\\\/villagreentree.hu\\\/\",\"name\":\"VillaGreenTree.hu\",\"description\":\"Exkl\u00faz\u00edv pihen\u00e9s a Dunakanyar kapuj\u00e1ban\",\"potentialAction\":[{\"@type\":\"SearchAction\",\"target\":{\"@type\":\"EntryPoint\",\"urlTemplate\":\"https:\\\/\\\/villagreentree.hu\\\/?s={search_term_string}\"},\"query-input\":{\"@type\":\"PropertyValueSpecification\",\"valueRequired\":true,\"valueName\":\"search_term_string\"}}],\"inLanguage\":\"de\"}]}<\/script>\n<!-- \/ Yoast SEO plugin. -->","yoast_head_json":{"title":"H\u00e1zirend - Villa Green Tree","robots":{"index":"index","follow":"follow","max-snippet":"max-snippet:-1","max-image-preview":"max-image-preview:large","max-video-preview":"max-video-preview:-1"},"canonical":"https:\/\/villagreentree.hu\/de\/hazirend\/","og_locale":"de_DE","og_type":"article","og_title":"H\u00e1zirend - Villa Green Tree","og_url":"https:\/\/villagreentree.hu\/de\/hazirend\/","og_site_name":"Villa Green Tree","article_publisher":"https:\/\/www.facebook.com\/greentreevendeghaz\/","article_modified_time":"2023-08-28T10:17:37+00:00","twitter_card":"summary_large_image","twitter_misc":{"Gesch\u00e4tzte Lesezeit":"6\u00a0Minuten"},"schema":{"@context":"https:\/\/schema.org","@graph":[{"@type":"WebPage","@id":"https:\/\/villagreentree.hu\/hazirend\/","url":"https:\/\/villagreentree.hu\/hazirend\/","name":"H\u00e1zirend - Villa Green Tree","isPartOf":{"@id":"https:\/\/villagreentree.hu\/#website"},"datePublished":"2023-08-18T12:17:21+00:00","dateModified":"2023-08-28T10:17:37+00:00","breadcrumb":{"@id":"https:\/\/villagreentree.hu\/hazirend\/#breadcrumb"},"inLanguage":"de","potentialAction":[{"@type":"ReadAction","target":["https:\/\/villagreentree.hu\/hazirend\/"]}]},{"@type":"BreadcrumbList","@id":"https:\/\/villagreentree.hu\/hazirend\/#breadcrumb","itemListElement":[{"@type":"ListItem","position":1,"name":"Kezd\u0151lap","item":"https:\/\/villagreentree.hu\/"},{"@type":"ListItem","position":2,"name":"H\u00e1zirend"}]},{"@type":"WebSite","@id":"https:\/\/villagreentree.hu\/#website","url":"https:\/\/villagreentree.hu\/","name":"VillaGreenTree.hu","description":"Exkl\u00faz\u00edv pihen\u00e9s a Dunakanyar kapuj\u00e1ban","potentialAction":[{"@type":"SearchAction","target":{"@type":"EntryPoint","urlTemplate":"https:\/\/villagreentree.hu\/?s={search_term_string}"},"query-input":{"@type":"PropertyValueSpecification","valueRequired":true,"valueName":"search_term_string"}}],"inLanguage":"de"}]}},"_links":{"self":[{"href":"https:\/\/villagreentree.hu\/de\/wp-json\/wp\/v2\/pages\/139","targetHints":{"allow":["GET"]}}],"collection":[{"href":"https:\/\/villagreentree.hu\/de\/wp-json\/wp\/v2\/pages"}],"about":[{"href":"https:\/\/villagreentree.hu\/de\/wp-json\/wp\/v2\/types\/page"}],"author":[{"embeddable":true,"href":"https:\/\/villagreentree.hu\/de\/wp-json\/wp\/v2\/users\/1"}],"replies":[{"embeddable":true,"href":"https:\/\/villagreentree.hu\/de\/wp-json\/wp\/v2\/comments?post=139"}],"version-history":[{"count":5,"href":"https:\/\/villagreentree.hu\/de\/wp-json\/wp\/v2\/pages\/139\/revisions"}],"predecessor-version":[{"id":235,"href":"https:\/\/villagreentree.hu\/de\/wp-json\/wp\/v2\/pages\/139\/revisions\/235"}],"wp:attachment":[{"href":"https:\/\/villagreentree.hu\/de\/wp-json\/wp\/v2\/media?parent=139"}],"curies":[{"name":"wp","href":"https:\/\/api.w.org\/{rel}","templated":true}]}}